{"id":1317,"date":"2026-03-02T11:40:22","date_gmt":"2026-03-02T14:40:22","guid":{"rendered":"https:\/\/xn--laporteajoyas-okb.com.ar\/tienda\/?post_type=product&#038;p=1317"},"modified":"2026-03-16T12:38:08","modified_gmt":"2026-03-16T15:38:08","slug":"pulsera-paper-clip-oro-blanco","status":"publish","type":"product","link":"https:\/\/xn--laporteajoyas-okb.com.ar\/tienda\/producto\/pulsera-paper-clip-oro-blanco\/","title":{"rendered":"Pulsera paper clip oro blanco"},"content":{"rendered":"","protected":false},"excerpt":{"rendered":"<p>Pulsera de Oro estilo Paper Clip con eslabones circulares m\u00e1s peque\u00f1os entre cada eslab\u00f3n de 21cm.<\/p>\n","protected":false},"featured_media":1318,"comment_status":"open","ping_status":"closed","template":"","meta":{"_uag_custom_page_level_css":"","_themeisle_gutenberg_block_has_review":false},"product_brand":[],"product_cat":[29],"product_tag":[91,82],"class_list":{"0":"post-1317","1":"product","2":"type-product","3":"status-publish","4":"has-post-thumbnail","6":"product_cat-pulseras","7":"product_tag-pulsera","8":"product_tag-pulsera-oro-blanco","10":"first","11":"instock","12":"shipping-taxable","13":"purchasable","14":"product-type-simple"},"uagb_featured_image_src":{"full":["https:\/\/xn--laporteajoyas-okb.com.ar\/tienda\/wp-content\/uploads\/2026\/03\/lp-rbs-41-b9805968463ba7f27317210815721810-640-0.webp",640,362,false],"thumbnail":["https:\/\/xn--laporteajoyas-okb.com.ar\/tienda\/wp-content\/uploads\/2026\/03\/lp-rbs-41-b9805968463ba7f27317210815721810-640-0.webp",150,85,false],"medium":["https:\/\/xn--laporteajoyas-okb.com.ar\/tienda\/wp-content\/uploads\/2026\/03\/lp-rbs-41-b9805968463ba7f27317210815721810-640-0.webp",300,170,false],"medium_large":["https:\/\/xn--laporteajoyas-okb.com.ar\/tienda\/wp-content\/uploads\/2026\/03\/lp-rbs-41-b9805968463ba7f27317210815721810-640-0.webp",640,362,false],"large":["https:\/\/xn--laporteajoyas-okb.com.ar\/tienda\/wp-content\/uploads\/2026\/03\/lp-rbs-41-b9805968463ba7f27317210815721810-640-0.webp",640,362,false],"1536x1536":["https:\/\/xn--laporteajoyas-okb.com.ar\/tienda\/wp-content\/uploads\/2026\/03\/lp-rbs-41-b9805968463ba7f27317210815721810-640-0.webp",640,362,false],"2048x2048":["https:\/\/xn--laporteajoyas-okb.com.ar\/tienda\/wp-content\/uploads\/2026\/03\/lp-rbs-41-b9805968463ba7f27317210815721810-640-0.webp",640,362,false],"woocommerce_archive_thumbnail":["https:\/\/xn--laporteajoyas-okb.com.ar\/tienda\/wp-content\/uploads\/2026\/03\/lp-rbs-41-b9805968463ba7f27317210815721810-640-0.webp",640,362,false],"woocommerce_thumbnail":["https:\/\/xn--laporteajoyas-okb.com.ar\/tienda\/wp-content\/uploads\/2026\/03\/lp-rbs-41-b9805968463ba7f27317210815721810-640-0-300x300.webp",300,300,true],"woocommerce_single":["https:\/\/xn--laporteajoyas-okb.com.ar\/tienda\/wp-content\/uploads\/2026\/03\/lp-rbs-41-b9805968463ba7f27317210815721810-640-0.webp",600,339,false],"woocommerce_gallery_thumbnail":["https:\/\/xn--laporteajoyas-okb.com.ar\/tienda\/wp-content\/uploads\/2026\/03\/lp-rbs-41-b9805968463ba7f27317210815721810-640-0-100x100.webp",100,100,true]},"uagb_author_info":{"display_name":"Manuel Doldan","author_link":"https:\/\/xn--laporteajoyas-okb.com.ar\/tienda\/author\/"},"uagb_comment_info":0,"uagb_excerpt":"Pulsera de Oro estilo Paper Clip con eslabones circulares m\u00e1s peque\u00f1os entre cada eslab\u00f3n de 21cm.","jetpack_sharing_enabled":true,"_links":{"self":[{"href":"https:\/\/xn--laporteajoyas-okb.com.ar\/tienda\/wp-json\/wp\/v2\/product\/1317","targetHints":{"allow":["GET"]}}],"collection":[{"href":"https:\/\/xn--laporteajoyas-okb.com.ar\/tienda\/wp-json\/wp\/v2\/product"}],"about":[{"href":"https:\/\/xn--laporteajoyas-okb.com.ar\/tienda\/wp-json\/wp\/v2\/types\/product"}],"replies":[{"embeddable":true,"href":"https:\/\/xn--laporteajoyas-okb.com.ar\/tienda\/wp-json\/wp\/v2\/comments?post=1317"}],"wp:featuredmedia":[{"embeddable":true,"href":"https:\/\/xn--laporteajoyas-okb.com.ar\/tienda\/wp-json\/wp\/v2\/media\/1318"}],"wp:attachment":[{"href":"https:\/\/xn--laporteajoyas-okb.com.ar\/tienda\/wp-json\/wp\/v2\/media?parent=1317"}],"wp:term":[{"taxonomy":"product_brand","embeddable":true,"href":"https:\/\/xn--laporteajoyas-okb.com.ar\/tienda\/wp-json\/wp\/v2\/product_brand?post=1317"},{"taxonomy":"product_cat","embeddable":true,"href":"https:\/\/xn--laporteajoyas-okb.com.ar\/tienda\/wp-json\/wp\/v2\/product_cat?post=1317"},{"taxonomy":"product_tag","embeddable":true,"href":"https:\/\/xn--laporteajoyas-okb.com.ar\/tienda\/wp-json\/wp\/v2\/product_tag?post=1317"}],"curies":[{"name":"wp","href":"https:\/\/api.w.org\/{rel}","templated":true}]}}