{"id":1154,"date":"2025-08-04T11:31:23","date_gmt":"2025-08-04T14:31:23","guid":{"rendered":"https:\/\/xn--laporteajoyas-okb.com.ar\/tienda\/pagina-de-mantenimiento\/"},"modified":"2026-04-17T16:15:56","modified_gmt":"2026-04-17T19:15:56","slug":"pagina-de-mantenimiento","status":"publish","type":"page","link":"https:\/\/xn--laporteajoyas-okb.com.ar\/tienda\/","title":{"rendered":"P\u00e1gina de mantenimiento"},"content":{"rendered":"\n<div id=\"wp-block-themeisle-blocks-advanced-columns-0d617423\" class=\"wp-block-themeisle-blocks-advanced-columns alignfull has-1-columns has-desktop-equal-layout has-tablet-equal-layout has-mobile-equal-layout has-vertical-center has-light-bg\"><div class=\"wp-block-themeisle-blocks-advanced-columns-overlay\"><\/div><div class=\"innerblocks-wrap\">\n<div id=\"wp-block-themeisle-blocks-advanced-column-09847c7b\" class=\"wp-block-themeisle-blocks-advanced-column\">\n<figure class=\"wp-block-image aligncenter size-large is-resized ticss-3f08ab9a\"><img decoding=\"async\" src=\"https:\/\/xn--laporteajoyas-okb.com.ar\/tienda\/wp-content\/uploads\/2025\/04\/Icono_dorado-1020x1024.png\" alt=\"\" class=\"wp-image-1036\" style=\"width:250px\"\/><\/figure>\n\n\n\n<h1 id=\"wp-block-themeisle-blocks-advanced-heading-84bfa495\" class=\"wp-block-themeisle-blocks-advanced-heading wp-block-themeisle-blocks-advanced-heading-84bfa495\">Servicio temporalmente suspendido<\/h1>\n\n\n\n<div style=\"height:40px\" aria-hidden=\"true\" class=\"wp-block-spacer\"><\/div>\n\n\n\n<p id=\"wp-block-themeisle-blocks-advanced-heading-4956a7c6\" class=\"wp-block-themeisle-blocks-advanced-heading wp-block-themeisle-blocks-advanced-heading-4956a7c6\">Este sitio se encuentra temporalmente fuera de servicio por reiteradas moras en los pagos.<br><br>Estamos en comunicaci\u00f3n con el equipo de &#8216;Luxury Group&#8217; para restablecer el acceso a la brevedad.<br><br>Agradecemos su comprensi\u00f3n y lo invitamos a volver a visitarnos pronto.<\/p>\n\n\n\n<p>Para m\u00e1s informaci\u00f3n sobre el soporte t\u00e9cnico o servicios de desarrollo de Cortex Digital, puedes dirigirte a nuestro sitio oficial:\u00a0<a href=\"https:\/\/cortexdigital.com.ar\/web\/\">https:\/\/cortexdigital.com.ar\/web\/<\/a><\/p>\n<\/div>\n<\/div><\/div>\n\n\n\n<div id=\"wp-block-themeisle-blocks-advanced-columns-9258d0fb\" class=\"wp-block-themeisle-blocks-advanced-columns alignfull has-1-columns has-desktop-equal-layout has-tablet-equal-layout has-mobile-equal-layout has-vertical-center ticss-a5d12595 has-light-bg\"><div class=\"wp-block-themeisle-blocks-advanced-columns-overlay\"><\/div><div class=\"innerblocks-wrap\">\n<div id=\"wp-block-themeisle-blocks-advanced-column-104ab98e\" class=\"wp-block-themeisle-blocks-advanced-column\">\n<div id=\"wp-block-themeisle-blocks-advanced-columns-1c3dfa33\" class=\"wp-block-themeisle-blocks-advanced-columns has-1-columns has-desktop-oneTwo-layout has-tablet-collapsedRows-layout has-mobile-collapsedRows-layout has-vertical-unset\"><div class=\"wp-block-themeisle-blocks-advanced-columns-overlay\"><\/div><div class=\"innerblocks-wrap\">\n<div id=\"wp-block-themeisle-blocks-advanced-column-dcc8c6af\" class=\"wp-block-themeisle-blocks-advanced-column\">\n<h2 id=\"wp-block-themeisle-blocks-advanced-heading-b25cf246\" class=\"wp-block-themeisle-blocks-advanced-heading wp-block-themeisle-blocks-advanced-heading-b25cf246\"><a href=\"https:\/\/cortexdigital.com.ar\/web\/\" data-type=\"link\" data-id=\"https:\/\/cortexdigital.com.ar\/web\/\">Cortex Digital<\/a><\/h2>\n\n\n\n<p id=\"wp-block-themeisle-blocks-advanced-heading-4122f520\" class=\"wp-block-themeisle-blocks-advanced-heading wp-block-themeisle-blocks-advanced-heading-4122f520\"><a href=\"https:\/\/cortexdigital.com.ar\/web\/contact\/\" data-type=\"link\" data-id=\"https:\/\/cortexdigital.com.ar\/web\/contact\/\">Desarrollos de software<\/a><\/p>\n<\/div>\n<\/div><\/div>\n<\/div>\n<\/div><\/div>\n\n\n\n<p><\/p>\n","protected":false},"excerpt":{"rendered":"","protected":false},"author":1,"featured_media":0,"parent":0,"menu_order":0,"comment_status":"closed","ping_status":"closed","template":"templates\/wpmm-page-template.php","meta":{"_uag_custom_page_level_css":"","_themeisle_gutenberg_block_has_review":false,"footnotes":""},"class_list":["post-1154","page","type-page","status-publish","hentry"],"blocksy_meta":[],"uagb_featured_image_src":{"full":false,"thumbnail":false,"medium":false,"medium_large":false,"large":false,"1536x1536":false,"2048x2048":false,"woocommerce_archive_thumbnail":false,"woocommerce_thumbnail":false,"woocommerce_single":false,"woocommerce_gallery_thumbnail":false},"uagb_author_info":{"display_name":"Administrador","author_link":"https:\/\/xn--laporteajoyas-okb.com.ar\/tienda\/author\/administrador\/"},"uagb_comment_info":0,"uagb_excerpt":null,"jetpack_sharing_enabled":true,"_links":{"self":[{"href":"https:\/\/xn--laporteajoyas-okb.com.ar\/tienda\/wp-json\/wp\/v2\/pages\/1154","targetHints":{"allow":["GET"]}}],"collection":[{"href":"https:\/\/xn--laporteajoyas-okb.com.ar\/tienda\/wp-json\/wp\/v2\/pages"}],"about":[{"href":"https:\/\/xn--laporteajoyas-okb.com.ar\/tienda\/wp-json\/wp\/v2\/types\/page"}],"author":[{"embeddable":true,"href":"https:\/\/xn--laporteajoyas-okb.com.ar\/tienda\/wp-json\/wp\/v2\/users\/1"}],"replies":[{"embeddable":true,"href":"https:\/\/xn--laporteajoyas-okb.com.ar\/tienda\/wp-json\/wp\/v2\/comments?post=1154"}],"version-history":[{"count":8,"href":"https:\/\/xn--laporteajoyas-okb.com.ar\/tienda\/wp-json\/wp\/v2\/pages\/1154\/revisions"}],"predecessor-version":[{"id":1838,"href":"https:\/\/xn--laporteajoyas-okb.com.ar\/tienda\/wp-json\/wp\/v2\/pages\/1154\/revisions\/1838"}],"wp:attachment":[{"href":"https:\/\/xn--laporteajoyas-okb.com.ar\/tienda\/wp-json\/wp\/v2\/media?parent=1154"}],"curies":[{"name":"wp","href":"https:\/\/api.w.org\/{rel}","templated":true}]}}